{"id":794,"date":"2024-04-23T11:09:30","date_gmt":"2024-04-23T09:09:30","guid":{"rendered":"https:\/\/atswheels.ch\/agb"},"modified":"2024-04-23T11:09:30","modified_gmt":"2024-04-23T09:09:30","slug":"agb","status":"publish","type":"page","link":"https:\/\/atswheels.ch\/it\/agb","title":{"rendered":"AGB"},"content":{"rendered":"\n<style>\n\t.agb-alurad ol {\n\t\t\tcounter-reset: item;\n\t\n\t}\n\n\n.agb-alurad > ol > li:before {\n\t\t\tfont-size: 20px;\n\t\t\tdisplay: inline-block;\n\t}\n\t.agb-alurad li {\n\t\t\tdisplay: block;\n\t\t\tpadding-bottom: 15px;\n\t}\n\t.agb-alurad li:before {\n\t\t\tcontent: counters(item, \".\") \". \";\n\t\t\tcounter-increment: item\n\t}\n\t<\/style>\n<div class=\"agb-alurad\">\n\n<h1>Allgemeine Gesch\u00e4ftsbedingungen der Alurad.ch AG f\u00fcr K\u00e4ufer<\/h1>\n\n\n<ol>\n\n  <li><big><strong>Geltungsbereich<\/strong><\/big>\n    <ol>\n      <li>Die Alurad.ch AG verkauft Felgen und Zubeh\u00f6r, die direkt oder indirekt mit Fahrzeugen im Zusammenhang stehen.<\/li>\n\n\t\t\t<li>Die vorliegenden Allgemeinen Gesch\u00e4ftsbedingungen (nachfolgend &#8220;AGB&#8221; genannt) dienen einer klaren Regelung der gegenseitigen Beziehung zwischen Kunden und der Alurad.ch AG und bilden integrierenden Bestandteil des jeweiligen individuellen Vertragsverh\u00e4ltnisses.<\/li>\n\n\t\t\t<li>Die AGB haben Geltung, sofern zwischen dem Kunden und der Alurad.ch AG keine ausdr\u00fcckliche anderslautende schriftliche Abrede getroffen wurde.<\/li>\n\n\t\t\t<li>Im \u00dcbrigen gelten die Bestimmungen des Schweizerischen Obligationenrechts, insbesondere die Bestimmungen \u00fcber den Kaufvertrag (Art. 184 ff. OR).<\/li>\n\n    <\/ol>\n  <\/li>\n\n\n\n  <li><big><strong>Angebot<\/strong><\/big>\n    <ol>\n      <li>Die Alurad.ch AG kann dem Kunden ein schriftliches Angebot per E-Mail unterbreiten. Ist im Angebot nichts anderes festgehalten, bleibt die Alurad.ch AG w\u00e4hrend 30 Tagen ab Datum des Angebotes daran gebunden.\n\t\t\t<\/li><li>Die Alurad.ch AG kann dem Kunden auch ein Angebot per Telefon oder in einem pers\u00f6nlichen Gespr\u00e4ch unterbreiten. Ein solches Angebot wird eindeutig als Angebot\/Offerte bezeichnet und ausgewiesen. Die Alurad.ch AG bleibt w\u00e4hrend 2 Tagen ab Datum des Angebotes daran gebunden.\n<\/li><li>Die Leistungen und Lieferungen der Alurad.ch AG sind im Angebot abschliessend umschrieben. Zus\u00e4tzliche Leistungen, Lieferungen oder Produkte, die im Angebot nicht enthalten sind, werden dem Kunden zus\u00e4tzlich gem\u00e4ss den jeweils geltenden Richtpreisen in Rechnung gestellt.\n<\/li><li>Im Angebot selbst enthaltene und als solche bezeichnete Richtpreise sind nicht verbindlich. Ebenso sind Preislisten, Konditionsbl\u00e4tter und Prospekte sowie bloss telefonische Ausk\u00fcnfte unverbindlich und dienen lediglich der Information und als Richtpreise.\n<\/li>\n\n    <\/ol>\n  <\/li>\n\n\t<li><big><strong>Vertragsabschluss<\/strong><\/big>\n    <ol>\n      <li>Die Annahme eines schriftlichen Angebotes der Alurad.ch AG hat durch den Kunden per E-Mail und mit Bezugnahme auf das entsprechende Angebot der Alurad.ch AG zu erfolgen.\n\t\t\t\t<\/li><li>Bei eindeutig ausgewiesenen Angeboten der Alurad.ch AG per Telefon oder pers\u00f6nlichem Gespr\u00e4ch kann der Kunde das Angebot innerhalb von 2 Tagen m\u00fcndlich per Telefon oder im pers\u00f6nlichen Gespr\u00e4ch annehmen.\n\t\t\t\t\n<\/li>\n\n    <\/ol>\n  <\/li>\n\n\t<li><big><strong>Bestellungen<\/strong><\/big>\n    <ol>\n      <li>Bestellungen eines Kunden sind in jedem Fall via Webshop schriftlich oder per E-Mail an die Alurad.ch AG zu richten.\n\t\t\t\t<\/li><li>Die Entgegennahme oder Eintragung der Bestellung in irgendeiner Form durch die Alurad.ch AG ist keine Annahme der Bestellung. Die Annahme durch die Alurad.ch AG kommt erst g\u00fcltig zustande, wenn sie die Vertragsannahme ausdr\u00fccklich erkl\u00e4rt, Rechnung stellt oder den Auftrag best\u00e4tigt.\n<\/li><li>Bis zur g\u00fcltigen Annahme gem\u00e4ss Ziffer 4.2 kann die Alurad.ch AG die Lieferung jederzeit anpassen, reduzieren oder annullieren\n\n\t\t\t\t\n<\/li>\n\n    <\/ol>\n  <\/li>\n\n\n\t<li><big><strong>Lieferung \/ Transport<\/strong><\/big>\n    <ol>\n      <li>Die Alurad.ch AG liefert die Waren grunds\u00e4tzlich mithilfe von Vertragspartnern aus. F\u00fcr die Lieferung k\u00f6nnen dem Kunden Zustellungs- und Frachtkosten verrechnet werden.\n\t\t\t\t<\/li><li>S\u00e4mtliche Kosten bei Bezug der Ware von Drittlieferanten werden im vollen Umfang an den Kunden \u00fcberw\u00e4lzt und ihm verrechnet.\n<\/li><li>Der Transport erfolgt in jedem Fall auf Rechnung und Gefahr des Kunden (vgl. Ziff. 6).\n<\/li><li>Wird die Ware durch einen vom Kunden beauftragten Dritten direkt am Lager der Alurad.ch AG abgeholt, hat der Dritte zwingend eine schriftliche Abholberechtigung des Kunden vorzulegen.\n\n\n\t\t\t\t\n<\/li>\n\n    <\/ol>\n  <\/li>\n\n\n\n\t<li><big><strong>\u00dcbergang von Nutzen und Gefahr<\/strong><\/big>\n    <ol>\n      <li>Nutzen und Gefahr gehen sp\u00e4testens mit Versand der Lieferung ab Lager auf den Kunden \u00fcber.\n\t\t\t\t\n<\/li>\n\n    <\/ol>\n  <\/li>\n\n\n\t<li><big><strong>Weiterverkauf und Export ins Ausland<\/strong><\/big>\n    <ol>\n      <li>Waren der Alurad.ch AG d\u00fcrfen nur mit ausdr\u00fccklicher schriftlicher Zustimmung der Alurad.ch AG ins Ausland weiterverkauft und\/oder exportiert werden. Dies gilt f\u00fcr den Kunden selbst, sowie f\u00fcr Unterh\u00e4ndler der Kunden.\n\t\t\t<\/li><li>Allf\u00e4llige Regressanspr\u00fcche gegen die Alurad.ch AG sind vollumf\u00e4nglich ausgeschlossen.\n<\/li><li>Die zu Ersatzausr\u00fcsterpreisen und -bedingungen gelieferten Waren d\u00fcrfen ausschliesslich zur Ausr\u00fcstung fabrikneuer Fahrzeuge verwendet werden.\n\t\t\t\t\n<\/li>\n\n    <\/ol>\n  <\/li>\n\n\n\t<li><big><strong>Rechnungsstellung \/ Zahlungsbedingungen<\/strong><\/big>\n    <ol>\n      <li>Sofern nicht schriftlich anders vereinbart, sind die Rechnungen der Alurad.ch AG durch den Kunden innert 30 Tagen seit Erhalt ohne Abzug von Skonto zu bezahlen. Die Zahlungspflicht ist erf\u00fcllt, sobald der vollst\u00e4ndig geschuldete Betrag auf dem Konto der Alurad.ch AG gutgeschrieben wurde.\n\t\t\t<\/li><li>H\u00e4lt der Kunde die in Ziffer 8.1 vereinbarte Zahlungsfrist nicht ein, ger\u00e4t er ohne Mahnung in Verzug und hat vom Zeitpunkt der F\u00e4lligkeit an einen Zins von 5% zu leisten.\n<\/li><li>Die Alurad.ch AG ist befugt, ab der 2. Mahnung eine Mahngeb\u00fchr von CHF 10.00 zu erheben.\n<\/li><li>Befindet sich der Kunde in Verzug, ist die Alurad.ch AG jederzeit berechtigt, vom Vertrag zur\u00fcckzutreten.\n<\/li><li>Der Kunde ist nicht befugt, allf\u00e4llige Gegenforderungen zu verrechnen.\n\n\t\t\t\t\n<\/li>\n\n    <\/ol>\n  <\/li>\n\n\n\t<li><big><strong>Eigentumsvorbehalt<\/strong><\/big>\n    <ol>\n      <li>Die Alurad.ch AG bleibt bis zur vollst\u00e4ndigen Bezahlung des Kaufpreises Eigent\u00fcmerin der gelieferten Waren.\n\t\t\t<\/li><li>Die Alurad.ch AG ist berechtigt, einen entsprechenden Eintrag im Eigentumsvorbehaltsregister vorzunehmen. Vor dem Eigentums\u00fcbergang ist eine Verpf\u00e4ndung, Sicherungs\u00fcbereignung, Verarbeitung, Umgestaltung oder der Weiterverkauf ohne ausdr\u00fcckliche Zustimmung der Alurad.ch AG nicht zul\u00e4ssig.\n\n\t\t\t\t\n<\/li>\n\n    <\/ol>\n  <\/li>\n\n\n\t<li><big><strong>R\u00fcckgabe von Waren<\/strong><\/big>\n    <ol>\n      <li>Die R\u00fcckgabe von Waren bedarf in jedem Fall der ausdr\u00fccklichen schriftlichen Zustimmung der Alurad.ch AG. Sofern die Alurad.ch AG der R\u00fccknahme von Waren zugestimmt hat, stellt sie einen Abholschein f\u00fcr den Kunden aus. Der Kunde hat die R\u00fccknahme bei der Alurad.ch AG unter Angabe des Lieferscheins- und der Rechnungsnummer anzuvisieren.\n\t\t\t\t<\/li><li>Mit Ausnahme von den durch die Alurad.ch AG verschuldeten Falschlieferungen oder Herstellergarantief\u00e4lle ist der Kunde verpflichtet, f\u00fcr die R\u00fcckgabe von Waren eine Bearbeitungsgeb\u00fchr von CHF 150.00 zu bezahlen.\n\t\t\t\t<\/li><li>Die R\u00fcckversandkosten gehen zu Lasten des Kunden und werden diesem in Rechnung gestellt.\n\t\t\t\t<\/li><li>Die R\u00fcckgabe von Waren, die ausschliesslich f\u00fcr einen Kunden bei Drittlieferanten bestellt wurden, ist ausgeschlossen.\n\t\t\t\t\n\n\t\t\t\t\n<\/li>\n\n    <\/ol>\n  <\/li>\n\n\n\n\t<li><big><strong>Haftung f\u00fcr M\u00e4ngel<\/strong><\/big>\n    <ol>\n      <li>Der Kunde hat die Waren unverz\u00fcglich nach Erhalt zu pr\u00fcfen und allf\u00e4llige M\u00e4ngel innert 2 Tagen der Alurad.ch AG schriftlich mitzuteilen. Im \u00dcbrigen gelten die Bestimmungen \u00fcber die Sachgew\u00e4hrleistung nach den Artikeln 197 ff. OR.\n\t\t\t\t<\/li><li>Nach der Montage oder Inverkehrsetzung der Waren durch den Kunden oder Dritte ist jede Beanstandung oder R\u00fcckgabe ausgeschlossen.\n\t\t\t\t<\/li><li>Von der Haftung vollumf\u00e4nglich ausgeschlossen sind jegliche Sch\u00e4den, die durch unsachgem\u00e4sse Handhabung des Kunden [insb. Aufziehung, Lagerung, Montage, mangelnde Luftdruckkontrolle (alle 14 Tage)] oder durch unsachgem\u00e4sse Ben\u00fctzung durch Dritte entstehen.\n\t\t\t\t<\/li><li>Der Lieferant und die Alurad.ch AG haften f\u00fcr Anspr\u00fcche aus mangelhafter Beratung oder aus Verletzungen vertraglicher Pflichten nur im Falle rechtswidriger Absicht oder grober Fahrl\u00e4ssigkeit.\n\t\t\t\t<\/li><li>Die Haftung der Alurad.ch AG ist im Falle leichter Fahrl\u00e4ssigkeit vollumf\u00e4nglich ausgeschlossen. Sie haftet insbesondere nicht f\u00fcr unmittelbaren und mittelbaren Schaden, Mangelfolgesch\u00e4den, entgangener Gewinn respektive nicht realisierte Einsparungen sowie f\u00fcr Sch\u00e4digungen aufgrund Lieferverzugs.\n\t\t\t\t<\/li><li>Allf\u00e4llige Regressanspr\u00fcche gegen die Alurad.ch AG sind vollumf\u00e4nglich ausgeschlossen.\n\t\t\t\n<\/li>\n\n    <\/ol>\n  <\/li>\n\n\n\t<li><big><strong>Herstellergarantie<\/strong><\/big>\n\t<ol>\n\t\t<li>Die Alurad.ch AG gew\u00e4hrt dem Kunden keine Garantie. Die Herstellergarantie bleibt hiervon unber\u00fchrt.\n\n\t\t<\/li><li>Der Kunde hat f\u00fcr die Geltendmachung der Herstellergarantie die Bestimmungen des jeweiligen Herstellers einzuhalten.\n\t\t\t\n\t\t\n<\/li>\n\n\t<\/ol>\n<\/li>\n\n\n<li><big><strong>Immaterialg\u00fcterrechte<\/strong><\/big>\n<ol>\n\t<li>Alle bei der Vertragserf\u00fcllung entstandenen Immaterialg\u00fcterrechte (insbesondere Pl\u00e4ne, Zeichnungen, Schemata, Entw\u00fcrfe und Berechnungen) geh\u00f6ren der Alurad.ch AG.<\/li>\n\n<\/ol>\n<\/li>\n\n\n<li><big><strong>Salvatorische Klausel<\/strong><\/big>\n<ol>\n\t<li>Sollte sich ein oder mehrere Bestimmungen dieser AGB oder eines Vertrages als unwirksam oder unvollst\u00e4ndig erweisen, wird der Vertrag in seinem \u00fcbrigen Inhalt davon nicht ber\u00fchrt.\n\n\t<\/li><li>Die unwirksame Bestimmung wird durch eine Bestimmung ersetzt, die dem Sinn und Zweck der unwirksamen Bestimmung in rechtswirksamer Weise wirtschaftlich am N\u00e4chsten kommt. Gleiches gilt f\u00fcr etwaige Vertragsl\u00fccken.\n\t<\/li>\n\n<\/ol>\n<\/li>\n\n\n<li><big><strong>\u00c4nderungen<\/strong><\/big>\n<ol>\n\t<li>Die Alurad.ch AG kann die vorliegende AGB jederzeit ab\u00e4ndern. \u00c4nderungen erfolgen durch Publikation auf der Homepage der Alurad.ch AG. Der Kunde wird vorg\u00e4ngig schriftlich oder auf andere geeignete Weise \u00fcber \u00c4nderungen informiert. Die aktuell g\u00fcltige Version ist auf der Homepage der Alurad.ch AG unter www.alurad.ch jederzeit abrufbar und dem Kunden frei zug\u00e4nglich.<\/li>\n\n<\/ol>\n<\/li>\n\n\n<li><big><strong>Anwendbares Recht \/ Gerichtsstand<\/strong><\/big>\n<ol>\n\t<li>Alle Rechtsbeziehungen zwischen dem Kunden und der Alurad.ch AG unterstehen ausschliesslich Schweizerischem Recht unter Ausschuss der kollisionsrechtlichen Bestimmungen sowie der Bestimmungen des UN-Kaufrechts (CISG).\n\n\t<\/li><li>Die Parteien bem\u00fchen sich, Streitigkeiten, die sich aus der Durchf\u00fchrung dieses Vertrages ergeben, auf g\u00fctlichem Wege beizulegen. Ausschliesslicher Gerichtsstand f\u00fcr alle Verfahren bilden die Gerichte am Sitz der Alurad.ch AG. Die Alurad.ch AG ist berechtigt, den Kunden alternativ an seinem Wohnsitz\/Sitz zu belangen.\n\t<\/li>\n\n<\/ol>\n<\/li>\n  \n<\/ol>\n\n<p><i>Stand: 4\/2024<\/i><\/p>\n<\/div>\n\n\n","protected":false},"excerpt":{"rendered":"<p>Allgemeine Gesch\u00e4ftsbedingungen der Alurad.ch AG f\u00fcr K\u00e4ufer Geltungsbereich Die Alurad.ch AG verkauft Felgen und Zubeh\u00f6r, die direkt oder indirekt mit Fahrzeugen im Zusammenhang stehen. Die vorliegenden Allgemeinen Gesch\u00e4ftsbedingungen (nachfolgend &#8220;AGB&#8221; genannt) dienen einer klaren Regelung der gegenseitigen Beziehung zwischen Kunden und der Alurad.ch AG und bilden integrierenden Bestandteil des jeweiligen individuellen Vertragsverh\u00e4ltnisses. Die AGB haben [&hellip;]<\/p>\n","protected":false},"author":1,"featured_media":0,"parent":0,"menu_order":0,"comment_status":"closed","ping_status":"closed","template":"","meta":[],"acf":[],"_links":{"self":[{"href":"https:\/\/atswheels.ch\/it\/wp-json\/wp\/v2\/pages\/794"}],"collection":[{"href":"https:\/\/atswheels.ch\/it\/wp-json\/wp\/v2\/pages"}],"about":[{"href":"https:\/\/atswheels.ch\/it\/wp-json\/wp\/v2\/types\/page"}],"author":[{"embeddable":true,"href":"https:\/\/atswheels.ch\/it\/wp-json\/wp\/v2\/users\/1"}],"replies":[{"embeddable":true,"href":"https:\/\/atswheels.ch\/it\/wp-json\/wp\/v2\/comments?post=794"}],"version-history":[{"count":0,"href":"https:\/\/atswheels.ch\/it\/wp-json\/wp\/v2\/pages\/794\/revisions"}],"wp:attachment":[{"href":"https:\/\/atswheels.ch\/it\/wp-json\/wp\/v2\/media?parent=794"}],"curies":[{"name":"wp","href":"https:\/\/api.w.org\/{rel}","templated":true}]}}