{"id":515,"date":"2018-07-10T13:12:08","date_gmt":"2018-07-10T11:12:08","guid":{"rendered":"https:\/\/atswheels.ch\/fr\/motorsport"},"modified":"2019-03-08T10:01:09","modified_gmt":"2019-03-08T08:01:09","slug":"motorsport","status":"publish","type":"page","link":"https:\/\/atswheels.ch\/fr\/motorsport","title":{"rendered":"Motorsport"},"content":{"rendered":"<div class=\"row\">\n<div class=\"col-sm-6\">\n<h3>ATS MOTORSPORT<\/h3>\n<p><b> La marque ATS est \u00e9troitement associ\u00e9e au sport automobile depuis plus de 40 ans et, en plus de sa propre \u00e9quipe de Formule 1, a \u00e9quip\u00e9 de nombreuses s\u00e9ries de courses et \u00e9quipes gagnantes dans sa longue histoire. <\/b><\/p>\n<p> Depuis 2017, nous sommes fiers d&rsquo;\u00eatre le fournisseur exclusif et officiel de jantes du DTM. Notre performance de d\u00e9veloppement dans le sport automobile fait de nous l&rsquo;un des sp\u00e9cialistes les plus renomm\u00e9s dans ce domaine. De plus, nous sommes un partenaire fiable dans le d\u00e9veloppement de nouveaux prototypes pour de nombreux groupes automobiles. Nos jantes high-tech sont fabriqu\u00e9es en Allemagne, dans notre forge de Fu\u00dfg\u00f6nheim. Apr\u00e8s des ann\u00e9es de coop\u00e9ration avec des s\u00e9ries et des \u00e9quipes de course renomm\u00e9es, nous pouvons \u00e9galement vous proposer un pneu de sport automobile con\u00e7u sur mesure pour r\u00e9pondre \u00e0 vos besoins, car, en sport automobile, le pneu est souvent d\u00e9cisif \u00e0 10 % sur la victoire ou la d\u00e9faite. Nous restons \u00e0 votre disposition pour plus d&rsquo;informations et de conseils sur votre projet. <\/p>\n<p> Le savoir-faire du sport automobile est \u00e9galement int\u00e9gr\u00e9 dans tous les produits ATS. Fid\u00e8les au slogan \u00ab Sport automobile pour la route \u00bb, nous d\u00e9veloppons de mani\u00e8re constante de nombreuses applications de sport automobile r\u00e9pondant aux exigences de l&rsquo;utilisation quotidienne dans la circulation routi\u00e8re. Le plaisir de conduire, l&rsquo;a\u00e9rodynamisme et les technologies de construction l\u00e9g\u00e8re, ainsi que les conceptions esth\u00e9tiquement sophistiqu\u00e9es constituent, pour nous, une priorit\u00e9. <\/p>\n<\/div>\n<div class=\"col-sm-6\">\n<h3> LA JANTE ATS DU DTM <\/h3>\n<p><b> Nous sommes tr\u00e8s fiers de pouvoir \u00e9quiper en exclusivit\u00e9 non seulement la Formule 3, mais aussi le DTM, depuis 2017. <\/b><\/p>\n<p> Gr\u00e2ce \u00e0 nos activit\u00e9s dans le sport automobile, nous pouvons parfaitement d\u00e9montrer le savoir-faire technologique de ATS et du groupe UNIWHEELS dans son ensemble et pr\u00e9senter notre marque dans un environnement optimal. La jante DTM a \u00e9t\u00e9 d\u00e9velopp\u00e9e par ATS exclusivement pour le DTM et est produite exclusivement dans la forge de Fu\u00dfg\u00f6nheim. Elle garantit une qualit\u00e9 optimale et des temps de r\u00e9action rapides. Dans notre usine de jantes forg\u00e9es de Fu\u00dfg\u00f6nheim, nous produisons \u00e9galement de nombreux prototypes pour l&rsquo;industrie automobile internationale, en plus des jantes pour le sport automobile, en mettant l&rsquo;accent sur le d\u00e9veloppement de nouveaux concepts de construction l\u00e9g\u00e8re permettant de r\u00e9duire les \u00e9missions de dioxyde de carbone et d&rsquo;accro\u00eetre les performances. <\/p>\n<p> Ce savoir-faire a \u00e9t\u00e9 pleinement int\u00e9gr\u00e9 au d\u00e9veloppement de la jante qui a dur\u00e9 plus d&rsquo;un an et auquel ont particip\u00e9 plus de 20 employ\u00e9s de diff\u00e9rentes divisions d&rsquo;entreprise. La jante a \u00e9t\u00e9 soumise \u00e0 des tests approfondis \u00e0 court et \u00e0 long terme au centre de d\u00e9veloppement UNIWHEELS de L\u00fcdenscheid avant d\u2019\u00eatre test\u00e9e par les fabricants. Notamment, plus d&rsquo;un million de cycles de charge ont \u00e9t\u00e9 simul\u00e9s, comme l&rsquo;imposent les exigences des trois constructeurs Audi, BMW et Mercedes-Benz, repr\u00e9sent\u00e9s lors du DTM. <\/p>\n<p> Tous les fabricants re\u00e7oivent au moins 20 jeux de jantes par v\u00e9hicule pour la saison \u00e0 venir. Les jantes ATS sont prescrites dans le r\u00e8glement qui a \u00e9t\u00e9 r\u00e9dig\u00e9 par l&rsquo;autorit\u00e9 sportive allemande DMSB en collaboration avec l&rsquo;ITR.<\/p>\n<\/div>\n<\/div>\n<hr \/>\n<h2 class=\"wheeltitle\"> nos jantes <\/h2>\n","protected":false},"excerpt":{"rendered":"<p>ATS MOTORSPORT La marque ATS est \u00e9troitement associ\u00e9e au sport automobile depuis plus de 40 ans et, en plus de sa propre \u00e9quipe de Formule 1, a \u00e9quip\u00e9 de nombreuses s\u00e9ries de courses et \u00e9quipes gagnantes dans sa longue histoire. Depuis 2017, nous sommes fiers d&rsquo;\u00eatre le fournisseur exclusif et officiel de jantes du DTM. [&hellip;]<\/p>\n","protected":false},"author":1,"featured_media":461,"parent":0,"menu_order":0,"comment_status":"closed","ping_status":"closed","template":"","meta":[],"acf":[],"_links":{"self":[{"href":"https:\/\/atswheels.ch\/fr\/wp-json\/wp\/v2\/pages\/515"}],"collection":[{"href":"https:\/\/atswheels.ch\/fr\/wp-json\/wp\/v2\/pages"}],"about":[{"href":"https:\/\/atswheels.ch\/fr\/wp-json\/wp\/v2\/types\/page"}],"author":[{"embeddable":true,"href":"https:\/\/atswheels.ch\/fr\/wp-json\/wp\/v2\/users\/1"}],"replies":[{"embeddable":true,"href":"https:\/\/atswheels.ch\/fr\/wp-json\/wp\/v2\/comments?post=515"}],"version-history":[{"count":3,"href":"https:\/\/atswheels.ch\/fr\/wp-json\/wp\/v2\/pages\/515\/revisions"}],"predecessor-version":[{"id":691,"href":"https:\/\/atswheels.ch\/fr\/wp-json\/wp\/v2\/pages\/515\/revisions\/691"}],"wp:featuredmedia":[{"embeddable":true,"href":"https:\/\/atswheels.ch\/fr\/wp-json\/wp\/v2\/media\/461"}],"wp:attachment":[{"href":"https:\/\/atswheels.ch\/fr\/wp-json\/wp\/v2\/media?parent=515"}],"curies":[{"name":"wp","href":"https:\/\/api.w.org\/{rel}","templated":true}]}}