{"id":473,"date":"2014-09-29T12:18:34","date_gmt":"2014-09-29T10:18:34","guid":{"rendered":"https:\/\/atswheels.ch\/fr\/home"},"modified":"2020-03-16T12:44:59","modified_gmt":"2020-03-16T10:44:59","slug":"home","status":"publish","type":"page","link":"https:\/\/atswheels.ch\/fr","title":{"rendered":"Home"},"content":{"rendered":"<div class=\"row\">\n<div class=\"col-sm-4 fadeinleft\">\n<img decoding=\"async\" loading=\"lazy\" src=\"https:\/\/atswheels.ch\/wp-content\/uploads\/2020\/03\/003-600x600.jpg\" alt=\"\" width=\"600\" height=\"600\" class=\"alignnone size-medium wp-image-730\" srcset=\"https:\/\/atswheels.ch\/wp-content\/uploads\/2020\/03\/003-600x600.jpg 600w, https:\/\/atswheels.ch\/wp-content\/uploads\/2020\/03\/003-300x300.jpg 300w, https:\/\/atswheels.ch\/wp-content\/uploads\/2020\/03\/003-768x768.jpg 768w, https:\/\/atswheels.ch\/wp-content\/uploads\/2020\/03\/003-120x120.jpg 120w, https:\/\/atswheels.ch\/wp-content\/uploads\/2020\/03\/003.jpg 1000w\" sizes=\"(max-width: 600px) 100vw, 600px\" \/>\n<\/div>\n<div class=\"col-sm-8 fadeinright\">\n<h2>Design.<\/h2>\n<p><strong> Avec notre GAMME DESIGN, vous b\u00e9n\u00e9ficiez de plus de 40 ans d\u2019exp\u00e9rience dans la fabrication de roues de haute qualit\u00e9. <\/strong><\/p>\n<p> Ne faites aucun compromis sur la qualit\u00e9 et la long\u00e9vit\u00e9 malgr\u00e9 le faible prix d&rsquo;achat. Chacune de nos roues design int\u00e8gre le savoir-faire de notre d\u00e9veloppement en sport automobile et jantes forg\u00e9es. La GAMME DESIGN propose des mod\u00e8les de roues modernes associ\u00e9s au standard de qualit\u00e9 \u00e9lev\u00e9 d&rsquo;ATS et \u00e0 des prix attractifs. <\/p>\n<p><a class=\"btn\" href=\"\/fr\/felgen#\/\"><span> nos jantes <\/span><\/a>\n<\/div>\n<\/div>\n<div class=\"row\">\n<div class=\"col-sm-8 fadeinleft\">\n<h2>Performance.<\/h2>\n<p><strong> Moins de poids par roue sans sacrifier la stabilit\u00e9 &#8211; c&rsquo;est ce que permet la technologie Flow Forming. <\/strong> <\/p>\n<p> Dans ce processus, des parties de l&rsquo;\u00e9bauche moul\u00e9e de jante sont lamin\u00e9es et compact\u00e9es. On peut ainsi se passer d&rsquo;usinage par enl\u00e8vement de copeaux. Cela permet non seulement d&rsquo;\u00e9conomiser des mati\u00e8res premi\u00e8res, mais \u00e9galement d&rsquo;obtenir des \u00e9paisseurs de paroi plus fines tout en conservant une grande stabilit\u00e9 &#8211; un avantage d\u00e9cisif en termes de dynamique de conduite dans le domaine de la masse non suspendue. Le faible poids de 16 kg par v\u00e9hicule r\u00e9duit \u00e9galement les \u00e9missions. <\/p>\n<p><a class=\"btn\" href=\"\/fr\/felgen#\/\"><span> nos jantes <\/span><\/a>\n<\/div>\n<div class=\"col-sm-4 fadeinright\">\n<img decoding=\"async\" loading=\"lazy\" src=\"https:\/\/atswheels.ch\/wp-content\/uploads\/2020\/03\/003-1-600x600.jpg\" alt=\"\" width=\"600\" height=\"600\" class=\"alignnone size-medium wp-image-727\" srcset=\"https:\/\/atswheels.ch\/wp-content\/uploads\/2020\/03\/003-1-600x600.jpg 600w, https:\/\/atswheels.ch\/wp-content\/uploads\/2020\/03\/003-1-300x300.jpg 300w, https:\/\/atswheels.ch\/wp-content\/uploads\/2020\/03\/003-1-768x768.jpg 768w, https:\/\/atswheels.ch\/wp-content\/uploads\/2020\/03\/003-1-120x120.jpg 120w, https:\/\/atswheels.ch\/wp-content\/uploads\/2020\/03\/003-1.jpg 1000w\" sizes=\"(max-width: 600px) 100vw, 600px\" \/>\n<\/div>\n<\/div>\n<div class=\"row\">\n<div class=\"col-sm-4 fadeinleft\">\n<img decoding=\"async\" loading=\"lazy\" src=\"https:\/\/atswheels.ch\/wp-content\/uploads\/2020\/03\/023-1-600x600.jpg\" alt=\"\" width=\"600\" height=\"600\" class=\"alignnone size-medium wp-image-733\" srcset=\"https:\/\/atswheels.ch\/wp-content\/uploads\/2020\/03\/023-1-600x600.jpg 600w, https:\/\/atswheels.ch\/wp-content\/uploads\/2020\/03\/023-1-300x300.jpg 300w, https:\/\/atswheels.ch\/wp-content\/uploads\/2020\/03\/023-1-768x768.jpg 768w, https:\/\/atswheels.ch\/wp-content\/uploads\/2020\/03\/023-1-120x120.jpg 120w, https:\/\/atswheels.ch\/wp-content\/uploads\/2020\/03\/023-1.jpg 1000w\" sizes=\"(max-width: 600px) 100vw, 600px\" \/>\n<\/div>\n<div class=\"col-sm-8 fadeinright\">\n<h2> Sport automobile.<\/h2>\n<p><strong> Depuis 2017, nous sommes fiers d&rsquo;\u00eatre le fournisseur de jantes exclusif et officiel du DTM. <\/strong> <\/p>\n<p> Notre performance de d\u00e9veloppement dans le sport automobile fait de nous l&rsquo;un des sp\u00e9cialistes les plus renomm\u00e9s dans ce domaine. De plus, nous sommes un partenaire fiable dans le d\u00e9veloppement de nouveaux prototypes pour de nombreux groupes automobiles. Nos roues high-tech Made in Germany sont produites dans notre forge \u00e0 Fu\u00dfg\u00f6nheim. Apr\u00e8s des ann\u00e9es de coop\u00e9ration avec des s\u00e9ries de courses et des \u00e9quipes renomm\u00e9es, nous pouvons \u00e9galement vous proposer un v\u00e9lo de sport automobile con\u00e7u sur mesure pour vos besoins, car cela se r\u00e9v\u00e8le souvent d\u00e9cisif pour la victoire ou la d\u00e9faite dans les dixi\u00e8mes du sport automobile. <\/p>\n<p><a class=\"btn\" href=\"\/fr\/motorsport#\/\"><span>Sport automobile<\/span><\/a>\n<\/div>\n<\/div>\n","protected":false},"excerpt":{"rendered":"<p>Design. Avec notre GAMME DESIGN, vous b\u00e9n\u00e9ficiez de plus de 40 ans d\u2019exp\u00e9rience dans la fabrication de roues de haute qualit\u00e9. Ne faites aucun compromis sur la qualit\u00e9 et la long\u00e9vit\u00e9 malgr\u00e9 le faible prix d&rsquo;achat. Chacune de nos roues design int\u00e8gre le savoir-faire de notre d\u00e9veloppement en sport automobile et jantes forg\u00e9es. La GAMME [&hellip;]<\/p>\n","protected":false},"author":1,"featured_media":0,"parent":0,"menu_order":1,"comment_status":"open","ping_status":"open","template":"","meta":[],"acf":[],"_links":{"self":[{"href":"https:\/\/atswheels.ch\/fr\/wp-json\/wp\/v2\/pages\/473"}],"collection":[{"href":"https:\/\/atswheels.ch\/fr\/wp-json\/wp\/v2\/pages"}],"about":[{"href":"https:\/\/atswheels.ch\/fr\/wp-json\/wp\/v2\/types\/page"}],"author":[{"embeddable":true,"href":"https:\/\/atswheels.ch\/fr\/wp-json\/wp\/v2\/users\/1"}],"replies":[{"embeddable":true,"href":"https:\/\/atswheels.ch\/fr\/wp-json\/wp\/v2\/comments?post=473"}],"version-history":[{"count":6,"href":"https:\/\/atswheels.ch\/fr\/wp-json\/wp\/v2\/pages\/473\/revisions"}],"predecessor-version":[{"id":746,"href":"https:\/\/atswheels.ch\/fr\/wp-json\/wp\/v2\/pages\/473\/revisions\/746"}],"wp:attachment":[{"href":"https:\/\/atswheels.ch\/fr\/wp-json\/wp\/v2\/media?parent=473"}],"curies":[{"name":"wp","href":"https:\/\/api.w.org\/{rel}","templated":true}]}}