{"id":471,"date":"2018-05-22T13:38:34","date_gmt":"2018-05-22T11:38:34","guid":{"rendered":"https:\/\/atswheels.ch\/fr\/datenschutz"},"modified":"2021-03-02T18:06:57","modified_gmt":"2021-03-02T16:06:57","slug":"datenschutz","status":"publish","type":"page","link":"https:\/\/atswheels.ch\/fr\/datenschutz","title":{"rendered":"Datenschutz"},"content":{"rendered":"<p><span><strong>alurad.ch \u2013 Rechtliche Informationen<\/strong><\/span><\/p>\n<p><span><span lang=\"de-DE\"><strong>Verwendung der Websites; Produkthaftung<\/strong><\/span><\/span><\/p>\n<p><span><span lang=\"de-DE\">Die Informationen auf diesen Websites sind unverbindlich und werden ausschlie\u00dflich zu Informationszwecken zur Verf\u00fcgung gestellt. Sie haben lediglich Informationscharakter und sind keine Offerten\/Angebote im Sinne der anwendbaren gesetzlichen Bestimmungen, n\u00e4here Informationen und Vertragsbedingungen k\u00f6nnen \u00fcber den zust\u00e4ndigen Vertragsh\u00e4ndler eingeholt werden. Auf der Grundlage der auf der Website enthaltenen Informationen kann kein Vertragsverh\u00e4ltnis hinsichtlich der vorgestellten Waren entstehen.<\/span><\/span><\/p>\n<p><span><span lang=\"de-DE\">Die Informationen auf diesen Websites sowie die in diesen Informationen beschriebenen Produkte und Dienstleistungen k\u00f6nnen ohne vorherige Ank\u00fcndigung von der Alurad.ch jederzeit ge\u00e4ndert oder aktualisiert werden. Soweit nicht ausdr\u00fccklich anderweitig erkl\u00e4rt, enthalten die Websites der Alurad.ch keinerlei Garantien oder Beschaffenheitsangaben, f\u00fcr welche die Alurad.ch haftet, sei es ausdr\u00fccklich oder stillschweigend auch nicht hinsichtlich der Aktualit\u00e4t, Korrektheit, Vollst\u00e4ndigkeit und Qualit\u00e4t der Informationen.<\/span><\/span><\/p>\n<p><span><span lang=\"de-DE\">Die Alurad.ch \u00fcbernimmt keine Haftung im Zusammenhang mit ihren Websites. Eine Haftung f\u00fcr jegliche unmittelbaren oder mittelbaren Sch\u00e4den, Schadensersatzforderungen, Folgesch\u00e4den gleich welcher Art und aus welchem Rechtsgrund, die durch Ihren Zugriff oder die Verwendung der Websites entstehen, insbesondere auch durch Infizierung Ihrer Computerumgebung mit Viren, ist ausgeschlossen.<\/span><\/span><span><span lang=\"de-DE\"><\/span><\/span><\/p>\n<p><span><span lang=\"de-DE\"><strong>Datenerhebung und Datenverarbeitung<\/strong><\/span><\/span><\/p>\n<p><span><span lang=\"de-DE\">Die Alurad.ch speichert pers\u00f6nliche Daten \u00fcber Nutzer ihrer Websites nur soweit eine Einwilligung hierf\u00fcr erteilt wurde. Es werden nur Daten gespeichert, die sich auf das Datum und die Uhrzeit des Besuchs, die besuchten Seiten, den Namen des Internet Service Providers und die Website, von der aus der Nutzer auf die alurad.ch &#8211; Websites zugegriffen hat, beziehen. Die Alurad.ch verwendet diese Daten zur Messung der Website-Aktivit\u00e4ten, zur Erstellung von Statistiken und zur Verbesserung der durch die Websites zur Verf\u00fcgung gestellten Dienstleistungen und Informationen. Pers\u00f6nliche Daten des Nutzers, zu deren Verwertung der Nutzer eine Einwilligung erteilt hat, werden nur zur Bearbeitung einer Anfrage oder im Rahmen, in welchem eine Einwilligung erteilt wurde und unter Beachtung der anwendbaren datenschutzrechtlichen Vorschriften verwendet. Die Alurad.ch wird diese Daten niemals anderen Unternehmen zu deren unabh\u00e4ngigen Verwendung \u00fcbermitteln. Die Alurad.ch wird keinem Unternehmen Daten (pers\u00f6nlich oder nicht-pers\u00f6nlich) zur unabh\u00e4ngigen Nutzung zur Verf\u00fcgung stellen.<\/span><\/span><\/p>\n<p><span><span lang=\"de-DE\"><strong>Cookies<\/strong><\/span><\/span><\/p>\n<p><span><span lang=\"de-DE\">Bei einem Besuch unserer Website k\u00f6nnen Informationen in Form eines Cookies auf Ihrem Computer abgelegt werden. Derartige Cookies werden nur dazu benutzt, die Webseiten optimal zu gestalten. Sie k\u00f6nnen die Annahme von Cookies \u00fcber Ihre Browser-Einstellungen ablehnen. Bitte beachten Sie, dass dann einige Funktionen ggf. nicht mehr zur Verf\u00fcgung stehen.<\/span><\/span><\/p>\n<p><span><span lang=\"de-DE\"><strong>Auskunftsrechte<\/strong><\/span><\/span><\/p>\n<p><span><span lang=\"de-DE\">Sie haben einen Anspruch auf Ihren Antrag hin, unentgeltlich Auskunft \u00fcber die \u00fcber Sie gespeicherten personenbezogenen Daten zu erhalten. Zus\u00e4tzlich haben Sie das Recht auf Berichtigung unrichtiger Daten, Sperrung und L\u00f6schung. Bei diesbez\u00fcglichen Fragen wenden Sie sich bitte an unsere Datenschutzbeauftragten, E-Mail: &#105;&#x6e;&#x66;i&#111;&#x40;a&#108;&#x75;&#x72;a&#100;&#x2e;c&#104;. Wenn Sie innerhalb unserer Websites &#8211; Angebots Seiten und Dateien abrufen und dabei aufgefordert werden, Daten \u00fcber sich einzugeben, so weisen wir darauf hin, dass diese Daten\u00fcbertragung \u00fcber das Internet ungesichert erfolgt und die Daten somit von Unbefugten zur Kenntnis genommen oder auch verf\u00e4lscht werden k\u00f6nnen.<\/span><\/span><\/p>\n<p><span><span lang=\"de-DE\"><strong>Links zu anderen Websites<\/strong><\/span><\/span><\/p>\n<p><span><span lang=\"de-DE\">Verkn\u00fcpfungen (\u00ab\u00a0links\u00a0\u00bb) zu Websites Dritter werden Ihnen als zus\u00e4tzlicher Service zur Verf\u00fcgung gestellt. Diese Websites sind vollkommen unabh\u00e4ngig und liegen au\u00dferhalb der Kontrolle der Alurad.ch. Die Alurad.ch haftet nicht f\u00fcr die Inhalte irgendeiner dieser Websites Dritter, auf die Sie \u00fcber die Continental Websites zugreifen, und \u00fcbernimmt keinerlei Verantwortung f\u00fcr den Inhalt, die Datenschutzbestimmungen oder die Nutzung solcher Websites<\/span><\/span><\/p>\n","protected":false},"excerpt":{"rendered":"<p>alurad.ch \u2013 Rechtliche Informationen Verwendung der Websites; Produkthaftung Die Informationen auf diesen Websites sind unverbindlich und werden ausschlie\u00dflich zu Informationszwecken zur Verf\u00fcgung gestellt. Sie haben lediglich Informationscharakter und sind keine Offerten\/Angebote im Sinne der anwendbaren gesetzlichen Bestimmungen, n\u00e4here Informationen und Vertragsbedingungen k\u00f6nnen \u00fcber den zust\u00e4ndigen Vertragsh\u00e4ndler eingeholt werden. Auf der Grundlage der auf der Website [&hellip;]<\/p>\n","protected":false},"author":1,"featured_media":0,"parent":0,"menu_order":100,"comment_status":"closed","ping_status":"closed","template":"","meta":[],"acf":[],"_links":{"self":[{"href":"https:\/\/atswheels.ch\/fr\/wp-json\/wp\/v2\/pages\/471"}],"collection":[{"href":"https:\/\/atswheels.ch\/fr\/wp-json\/wp\/v2\/pages"}],"about":[{"href":"https:\/\/atswheels.ch\/fr\/wp-json\/wp\/v2\/types\/page"}],"author":[{"embeddable":true,"href":"https:\/\/atswheels.ch\/fr\/wp-json\/wp\/v2\/users\/1"}],"replies":[{"embeddable":true,"href":"https:\/\/atswheels.ch\/fr\/wp-json\/wp\/v2\/comments?post=471"}],"version-history":[{"count":4,"href":"https:\/\/atswheels.ch\/fr\/wp-json\/wp\/v2\/pages\/471\/revisions"}],"predecessor-version":[{"id":771,"href":"https:\/\/atswheels.ch\/fr\/wp-json\/wp\/v2\/pages\/471\/revisions\/771"}],"wp:attachment":[{"href":"https:\/\/atswheels.ch\/fr\/wp-json\/wp\/v2\/media?parent=471"}],"curies":[{"name":"wp","href":"https:\/\/api.w.org\/{rel}","templated":true}]}}